{"id":82,"date":"2015-02-28T22:39:18","date_gmt":"2015-02-28T20:39:18","guid":{"rendered":"http:\/\/www.palenaapartamenti.lv\/sakums-2\/"},"modified":"2022-05-18T18:56:01","modified_gmt":"2022-05-18T15:56:01","slug":"strona-glowna","status":"publish","type":"page","link":"http:\/\/www.palenaapartamenti.lv\/pl\/","title":{"rendered":"Strona G\u0142\u00f3wna"},"content":{"rendered":"","protected":false},"excerpt":{"rendered":"","protected":false},"author":1,"featured_media":0,"parent":0,"menu_order":0,"comment_status":"closed","ping_status":"closed","template":"sakums.php","meta":{"_mi_skip_tracking":false,"footnotes":""},"class_list":["post-82","page","type-page","status-publish","hentry"],"acf":[],"yoast_head":"<!-- This site is optimized with the Yoast SEO plugin v23.5 - https:\/\/yoast.com\/wordpress\/plugins\/seo\/ -->\n<title>Apartament w Dworku My\u015bliwskim hrabiego Petera von der Pahlena<\/title>\n<meta name=\"robots\" content=\"index, follow, max-snippet:-1, max-image-preview:large, max-video-preview:-1\" \/>\n<link rel=\"canonical\" href=\"http:\/\/www.palenaapartamenti.lv\/pl\/\" \/>\n<meta property=\"og:locale\" content=\"pl_PL\" \/>\n<meta property=\"og:type\" content=\"article\" \/>\n<meta property=\"og:title\" content=\"Apartament w Dworku My\u015bliwskim hrabiego Petera von der Pahlena\" \/>\n<meta property=\"og:url\" content=\"http:\/\/www.palenaapartamenti.lv\/pl\/\" \/>\n<meta property=\"og:site_name\" content=\"Apartamenti P\u0101lena med\u012bbu mui\u017e\u0101\" \/>\n<meta property=\"article:publisher\" content=\"https:\/\/www.facebook.com\/palenaapartamenti\" \/>\n<meta property=\"article:modified_time\" content=\"2022-05-18T15:56:01+00:00\" \/>\n<script type=\"application\/ld+json\" class=\"yoast-schema-graph\">{\"@context\":\"https:\/\/schema.org\",\"@graph\":[{\"@type\":\"WebPage\",\"@id\":\"http:\/\/www.palenaapartamenti.lv\/pl\/\",\"url\":\"http:\/\/www.palenaapartamenti.lv\/pl\/\",\"name\":\"Apartament w Dworku My\u015bliwskim hrabiego Petera von der Pahlena\",\"isPartOf\":{\"@id\":\"https:\/\/www.palenaapartamenti.lv\/#website\"},\"datePublished\":\"2015-02-28T20:39:18+00:00\",\"dateModified\":\"2022-05-18T15:56:01+00:00\",\"breadcrumb\":{\"@id\":\"http:\/\/www.palenaapartamenti.lv\/pl\/#breadcrumb\"},\"inLanguage\":\"pl-PL\",\"potentialAction\":[{\"@type\":\"ReadAction\",\"target\":[\"http:\/\/www.palenaapartamenti.lv\/pl\/\"]}]},{\"@type\":\"BreadcrumbList\",\"@id\":\"http:\/\/www.palenaapartamenti.lv\/pl\/#breadcrumb\",\"itemListElement\":[{\"@type\":\"ListItem\",\"position\":1,\"name\":\"Home\",\"item\":\"http:\/\/www.palenaapartamenti.lv\/pl\/\"},{\"@type\":\"ListItem\",\"position\":2,\"name\":\"Strona G\u0142\u00f3wna\"}]},{\"@type\":\"WebSite\",\"@id\":\"https:\/\/www.palenaapartamenti.lv\/#website\",\"url\":\"https:\/\/www.palenaapartamenti.lv\/\",\"name\":\"Apartamenti P\u0101lena med\u012bbu mui\u017e\u0101\",\"description\":\"\",\"potentialAction\":[{\"@type\":\"SearchAction\",\"target\":{\"@type\":\"EntryPoint\",\"urlTemplate\":\"https:\/\/www.palenaapartamenti.lv\/?s={search_term_string}\"},\"query-input\":{\"@type\":\"PropertyValueSpecification\",\"valueRequired\":true,\"valueName\":\"search_term_string\"}}],\"inLanguage\":\"pl-PL\"}]}<\/script>\n<!-- \/ Yoast SEO plugin. -->","yoast_head_json":{"title":"Apartament w Dworku My\u015bliwskim hrabiego Petera von der Pahlena","robots":{"index":"index","follow":"follow","max-snippet":"max-snippet:-1","max-image-preview":"max-image-preview:large","max-video-preview":"max-video-preview:-1"},"canonical":"http:\/\/www.palenaapartamenti.lv\/pl\/","og_locale":"pl_PL","og_type":"article","og_title":"Apartament w Dworku My\u015bliwskim hrabiego Petera von der Pahlena","og_url":"http:\/\/www.palenaapartamenti.lv\/pl\/","og_site_name":"Apartamenti P\u0101lena med\u012bbu mui\u017e\u0101","article_publisher":"https:\/\/www.facebook.com\/palenaapartamenti","article_modified_time":"2022-05-18T15:56:01+00:00","schema":{"@context":"https:\/\/schema.org","@graph":[{"@type":"WebPage","@id":"http:\/\/www.palenaapartamenti.lv\/pl\/","url":"http:\/\/www.palenaapartamenti.lv\/pl\/","name":"Apartament w Dworku My\u015bliwskim hrabiego Petera von der Pahlena","isPartOf":{"@id":"https:\/\/www.palenaapartamenti.lv\/#website"},"datePublished":"2015-02-28T20:39:18+00:00","dateModified":"2022-05-18T15:56:01+00:00","breadcrumb":{"@id":"http:\/\/www.palenaapartamenti.lv\/pl\/#breadcrumb"},"inLanguage":"pl-PL","potentialAction":[{"@type":"ReadAction","target":["http:\/\/www.palenaapartamenti.lv\/pl\/"]}]},{"@type":"BreadcrumbList","@id":"http:\/\/www.palenaapartamenti.lv\/pl\/#breadcrumb","itemListElement":[{"@type":"ListItem","position":1,"name":"Home","item":"http:\/\/www.palenaapartamenti.lv\/pl\/"},{"@type":"ListItem","position":2,"name":"Strona G\u0142\u00f3wna"}]},{"@type":"WebSite","@id":"https:\/\/www.palenaapartamenti.lv\/#website","url":"https:\/\/www.palenaapartamenti.lv\/","name":"Apartamenti P\u0101lena med\u012bbu mui\u017e\u0101","description":"","potentialAction":[{"@type":"SearchAction","target":{"@type":"EntryPoint","urlTemplate":"https:\/\/www.palenaapartamenti.lv\/?s={search_term_string}"},"query-input":{"@type":"PropertyValueSpecification","valueRequired":true,"valueName":"search_term_string"}}],"inLanguage":"pl-PL"}]}},"_links":{"self":[{"href":"http:\/\/www.palenaapartamenti.lv\/pl\/wp-json\/wp\/v2\/pages\/82"}],"collection":[{"href":"http:\/\/www.palenaapartamenti.lv\/pl\/wp-json\/wp\/v2\/pages"}],"about":[{"href":"http:\/\/www.palenaapartamenti.lv\/pl\/wp-json\/wp\/v2\/types\/page"}],"author":[{"embeddable":true,"href":"http:\/\/www.palenaapartamenti.lv\/pl\/wp-json\/wp\/v2\/users\/1"}],"replies":[{"embeddable":true,"href":"http:\/\/www.palenaapartamenti.lv\/pl\/wp-json\/wp\/v2\/comments?post=82"}],"version-history":[{"count":0,"href":"http:\/\/www.palenaapartamenti.lv\/pl\/wp-json\/wp\/v2\/pages\/82\/revisions"}],"wp:attachment":[{"href":"http:\/\/www.palenaapartamenti.lv\/pl\/wp-json\/wp\/v2\/media?parent=82"}],"curies":[{"name":"wp","href":"https:\/\/api.w.org\/{rel}","templated":true}]}}